{"id":378,"date":"2026-04-13T16:32:59","date_gmt":"2026-04-13T16:32:59","guid":{"rendered":"https:\/\/velmotosoficial.com\/?post_type=product&#038;p=378"},"modified":"2026-04-18T02:51:31","modified_gmt":"2026-04-18T02:51:31","slug":"bateria-moura-ma5-d-12v-alta-performance-e-durabilidade","status":"publish","type":"product","link":"https:\/\/velmotosoficial.com\/index.php\/produto\/bateria-moura-ma5-d-12v-alta-performance-e-durabilidade\/","title":{"rendered":"Bateria Moura MA5-D 12V \u2013 Alta performance e durabilidade"},"content":{"rendered":"<p>Ideal para motos, oferece partida r\u00e1pida, excelente resist\u00eancia e tecnologia livre de manuten\u00e7\u00e3o. Qualidade garantida Moura para o dia a dia<\/p>\n","protected":false},"excerpt":{"rendered":"<p>Ideal para motos, oferece partida r\u00e1pida, excelente resist\u00eancia e tecnologia livre de manuten\u00e7\u00e3o. Qualidade garantida Moura para o dia a dia<\/p>\n","protected":false},"featured_media":411,"comment_status":"open","ping_status":"closed","template":"","meta":[],"product_brand":[],"product_cat":[21,38],"product_tag":[],"class_list":{"0":"post-378","1":"product","2":"type-product","3":"status-publish","4":"has-post-thumbnail","6":"product_cat-acessorios","7":"product_cat-baterias","9":"first","10":"instock","11":"shipping-taxable","12":"purchasable","13":"product-type-simple"},"_links":{"self":[{"href":"https:\/\/velmotosoficial.com\/index.php\/wp-json\/wp\/v2\/product\/378","targetHints":{"allow":["GET"]}}],"collection":[{"href":"https:\/\/velmotosoficial.com\/index.php\/wp-json\/wp\/v2\/product"}],"about":[{"href":"https:\/\/velmotosoficial.com\/index.php\/wp-json\/wp\/v2\/types\/product"}],"replies":[{"embeddable":true,"href":"https:\/\/velmotosoficial.com\/index.php\/wp-json\/wp\/v2\/comments?post=378"}],"wp:featuredmedia":[{"embeddable":true,"href":"https:\/\/velmotosoficial.com\/index.php\/wp-json\/wp\/v2\/media\/411"}],"wp:attachment":[{"href":"https:\/\/velmotosoficial.com\/index.php\/wp-json\/wp\/v2\/media?parent=378"}],"wp:term":[{"taxonomy":"product_brand","embeddable":true,"href":"https:\/\/velmotosoficial.com\/index.php\/wp-json\/wp\/v2\/product_brand?post=378"},{"taxonomy":"product_cat","embeddable":true,"href":"https:\/\/velmotosoficial.com\/index.php\/wp-json\/wp\/v2\/product_cat?post=378"},{"taxonomy":"product_tag","embeddable":true,"href":"https:\/\/velmotosoficial.com\/index.php\/wp-json\/wp\/v2\/product_tag?post=378"}],"curies":[{"name":"wp","href":"https:\/\/api.w.org\/{rel}","templated":true}]}}