{"id":3,"date":"2026-03-09T20:11:04","date_gmt":"2026-03-09T20:11:04","guid":{"rendered":"https:\/\/velmotosoficial.com\/?page_id=3"},"modified":"2026-03-29T17:16:12","modified_gmt":"2026-03-29T17:16:12","slug":"privacy-policy","status":"publish","type":"page","link":"https:\/\/velmotosoficial.com\/index.php\/privacy-policy\/","title":{"rendered":"Pol\u00edtica de Privacidade"},"content":{"rendered":"\t\t<div data-elementor-type=\"wp-page\" data-elementor-id=\"3\" class=\"elementor elementor-3\" data-elementor-post-type=\"page\">\n\t\t\t\t<div class=\"elementor-element elementor-element-2f250922 e-flex e-con-boxed e-con e-parent\" data-id=\"2f250922\" data-element_type=\"container\" data-e-type=\"container\">\n\t\t\t\t\t<div class=\"e-con-inner\">\n\t\t\t\t<div class=\"elementor-element elementor-element-455a23e2 elementor-widget elementor-widget-text-editor\" data-id=\"455a23e2\" data-element_type=\"widget\" data-e-type=\"widget\" data-widget_type=\"text-editor.default\">\n\t\t\t\t\t\t\t\t\t<h1 data-start=\"82\" data-end=\"109\"><strong data-start=\"82\" data-end=\"109\">Pol\u00edtica de Privacidade<\/strong><\/h1>\n<p data-start=\"111\" data-end=\"335\">A sua privacidade \u00e9 importante para n\u00f3s. \u00c9 pol\u00edtica do velmotosoficial respeitar a sua privacidade em rela\u00e7\u00e3o a qualquer informa\u00e7\u00e3o sua que possamos coletar no site velmotosoficial e em outros sites que possu\u00edmos e operamos.<\/p>\n<p data-start=\"337\" data-end=\"607\">Solicitamos informa\u00e7\u00f5es pessoais apenas quando realmente precisamos delas para lhe fornecer um servi\u00e7o. Fazemos isso por meios justos e legais, com o seu conhecimento e consentimento. Tamb\u00e9m informamos por que estamos coletando e como essas informa\u00e7\u00f5es ser\u00e3o utilizadas.<\/p>\n<p data-start=\"609\" data-end=\"870\">Apenas retemos as informa\u00e7\u00f5es coletadas pelo tempo necess\u00e1rio para fornecer o servi\u00e7o solicitado. Quando armazenamos dados, protegemos por meios comercialmente aceit\u00e1veis para evitar perdas, roubos, acesso, divulga\u00e7\u00e3o, c\u00f3pia, uso ou modifica\u00e7\u00e3o n\u00e3o autorizados.<\/p>\n<p data-start=\"872\" data-end=\"989\">N\u00e3o compartilhamos informa\u00e7\u00f5es de identifica\u00e7\u00e3o pessoal publicamente ou com terceiros, exceto quando exigido por lei.<\/p>\n<p data-start=\"991\" data-end=\"1238\">O nosso site pode conter links para sites externos que n\u00e3o s\u00e3o operados por n\u00f3s. Esteja ciente de que n\u00e3o temos controle sobre o conte\u00fado e pr\u00e1ticas desses sites e n\u00e3o podemos aceitar responsabilidade por suas respectivas pol\u00edticas de privacidade.<\/p>\n<p data-start=\"1240\" data-end=\"1385\">Voc\u00ea \u00e9 livre para recusar a nossa solicita\u00e7\u00e3o de informa\u00e7\u00f5es pessoais, entendendo que talvez n\u00e3o possamos fornecer alguns dos servi\u00e7os desejados.<\/p>\n<p data-start=\"1387\" data-end=\"1639\">O uso continuado do nosso site ser\u00e1 considerado como aceita\u00e7\u00e3o das nossas pr\u00e1ticas em rela\u00e7\u00e3o \u00e0 privacidade e \u00e0s informa\u00e7\u00f5es pessoais. Se voc\u00ea tiver alguma d\u00favida sobre como lidamos com dados do usu\u00e1rio e informa\u00e7\u00f5es pessoais, entre em contato conosco.<\/p>\n<p data-start=\"1641\" data-end=\"1859\">O servi\u00e7o Google AdSense que utilizamos para veicular publicidade usa um cookie DoubleClick para exibir an\u00fancios mais relevantes em toda a web e limitar o n\u00famero de vezes que um determinado an\u00fancio \u00e9 exibido para voc\u00ea.<\/p>\n<p data-start=\"1861\" data-end=\"1969\">Para mais informa\u00e7\u00f5es sobre o Google AdSense, consulte as FAQs oficiais sobre privacidade do Google AdSense.<\/p>\n<p data-start=\"1971\" data-end=\"2352\">Utilizamos an\u00fancios para compensar os custos de funcionamento deste site e fornecer financiamento para futuros desenvolvimentos. Os cookies de publicidade comportamental usados por este site foram projetados para garantir que voc\u00ea receba an\u00fancios mais relevantes sempre que poss\u00edvel, rastreando anonimamente seus interesses e apresentando conte\u00fados que possam ser do seu interesse.<\/p>\n<p data-start=\"2354\" data-end=\"2649\">Diversos parceiros anunciam em nosso nome, e os cookies de rastreamento de afiliados nos permitem verificar se nossos clientes acessaram o site por meio de parceiros. Isso nos permite credit\u00e1-los adequadamente e, quando aplic\u00e1vel, possibilita que ofere\u00e7am promo\u00e7\u00f5es relacionadas \u00e0s suas compras.<\/p>\n<hr data-start=\"2651\" data-end=\"2654\" \/>\n<p data-start=\"2656\" data-end=\"2682\"><strong data-start=\"2656\" data-end=\"2682\">Compromisso do Usu\u00e1rio<\/strong><\/p>\n<p data-start=\"2684\" data-end=\"2834\">O usu\u00e1rio se compromete a fazer uso adequado dos conte\u00fados e das informa\u00e7\u00f5es que o velmotosoficial oferece no site, incluindo, mas n\u00e3o se limitando a:<\/p>\n<p data-start=\"2836\" data-end=\"3301\">A) N\u00e3o se envolver em atividades ilegais ou contr\u00e1rias \u00e0 boa-f\u00e9 e \u00e0 ordem p\u00fablica;<br data-start=\"2918\" data-end=\"2921\" \/>B) N\u00e3o difundir propaganda ou conte\u00fado de natureza racista, xenof\u00f3bica, jogos de azar, pornografia ilegal, apologia ao terrorismo ou que viole os direitos humanos;<br data-start=\"3084\" data-end=\"3087\" \/>C) N\u00e3o causar danos aos sistemas f\u00edsicos (hardware) e l\u00f3gicos (software) do velmotosoficial, de seus fornecedores ou de terceiros, nem introduzir ou disseminar v\u00edrus ou qualquer outro sistema capaz de causar danos.<\/p>\n<hr data-start=\"3303\" data-end=\"3306\" \/>\n<p data-start=\"3308\" data-end=\"3328\"><strong data-start=\"3308\" data-end=\"3328\">Mais Informa\u00e7\u00f5es<\/strong><\/p>\n<p data-start=\"3330\" data-end=\"3573\">Esperamos que tudo esteja esclarecido. Como mencionado anteriormente, caso haja algo que voc\u00ea n\u00e3o tenha certeza se precisa ou n\u00e3o, geralmente \u00e9 mais seguro manter os cookies ativados, especialmente se interagir com algum recurso do nosso site.<\/p>\n<p data-start=\"3575\" data-end=\"3641\">Esta pol\u00edtica \u00e9 efetiva a partir de 14 de mar\u00e7o de 2026, \u00e0s 17:20.<\/p>\t\t\t\t\t\t\t\t<\/div>\n\t\t\t\t\t<\/div>\n\t\t\t\t<\/div>\n\t\t\t\t<\/div>\n\t\t","protected":false},"excerpt":{"rendered":"<p>Pol\u00edtica de Privacidade A sua privacidade \u00e9 importante para n\u00f3s. \u00c9 pol\u00edtica do velmotosoficial respeitar a sua privacidade em rela\u00e7\u00e3o a qualquer informa\u00e7\u00e3o sua que possamos coletar no site velmotosoficial e em outros sites que possu\u00edmos e operamos. Solicitamos informa\u00e7\u00f5es pessoais apenas quando realmente precisamos delas para lhe fornecer um servi\u00e7o. Fazemos isso por meios [&hellip;]<\/p>\n","protected":false},"author":1,"featured_media":0,"parent":0,"menu_order":0,"comment_status":"closed","ping_status":"open","template":"elementor_header_footer","meta":{"footnotes":""},"class_list":["post-3","page","type-page","status-publish","hentry"],"_links":{"self":[{"href":"https:\/\/velmotosoficial.com\/index.php\/wp-json\/wp\/v2\/pages\/3","targetHints":{"allow":["GET"]}}],"collection":[{"href":"https:\/\/velmotosoficial.com\/index.php\/wp-json\/wp\/v2\/pages"}],"about":[{"href":"https:\/\/velmotosoficial.com\/index.php\/wp-json\/wp\/v2\/types\/page"}],"author":[{"embeddable":true,"href":"https:\/\/velmotosoficial.com\/index.php\/wp-json\/wp\/v2\/users\/1"}],"replies":[{"embeddable":true,"href":"https:\/\/velmotosoficial.com\/index.php\/wp-json\/wp\/v2\/comments?post=3"}],"version-history":[{"count":6,"href":"https:\/\/velmotosoficial.com\/index.php\/wp-json\/wp\/v2\/pages\/3\/revisions"}],"predecessor-version":[{"id":286,"href":"https:\/\/velmotosoficial.com\/index.php\/wp-json\/wp\/v2\/pages\/3\/revisions\/286"}],"wp:attachment":[{"href":"https:\/\/velmotosoficial.com\/index.php\/wp-json\/wp\/v2\/media?parent=3"}],"curies":[{"name":"wp","href":"https:\/\/api.w.org\/{rel}","templated":true}]}}